{"id":45,"date":"2025-01-04T19:23:57","date_gmt":"2025-01-05T00:23:57","guid":{"rendered":"https:\/\/itilconjoelarellano.com\/?page_id=45"},"modified":"2025-06-17T08:55:55","modified_gmt":"2025-06-17T13:55:55","slug":"sobre-joel","status":"publish","type":"page","link":"https:\/\/itilconjoelarellano.com\/en\/sobre-joel\/","title":{"rendered":"Sobre Joel"},"content":{"rendered":"<div class=\"wp-block-uagb-advanced-heading uagb-block-1e6d821f\"><h2 class=\"uagb-heading-text\">\u00bfQui\u00e9n es Joel?<\/h2><\/div>\n\n\n\n<p><\/p>\n\n\n\n<p><\/p>\n\n\n\n<p>\u00bfQui\u00e9n es Joel? Un apasionado por generar cambios positivos en su entorno a trav\u00e9s del conocimiento y la experiencia.<\/p>\n\n\n\n<p><strong>Te contar\u00e9 que<\/strong>&#8230; soy un apasionado de las <strong>cosas bien hechas<\/strong>, un apasionado de la <strong>docencia<\/strong> y un apasionado de como <strong>ITIL <\/strong>puede ayudar a mejorar las operaciones de muchas organizaciones que a\u00fan no logran el camino correcto a la excelencia operativa por medio de la mejora continua. \u00bfQui\u00e9n es Joel? Soy <strong>creador de contenido<\/strong>, <strong><a href=\"https:\/\/itilconjoelarellano.com\/en\/blog\/\" data-type=\"page\" data-id=\"34\">Blogger<\/a><\/strong> y por cierto me encanta el <strong>Dota 2<\/strong>. \u00bfQui\u00e9n es Joel Arellano? Tambi\u00e9n me dedico a ayudar a otros a encontrar su camino.<\/p>\n\n\n\n<p>\u00bfQui\u00e9n es Joel?<strong> <\/strong>Es <strong>hijo<\/strong>, <strong>hermano<\/strong>, <strong>padre <\/strong>(de mis hij@s de 4 patitas) y <strong>amigo <\/strong>de toda aquella persona que me permiti\u00f3 entrar en su vida, guiarlo, ense\u00f1arle mi experiencia de vida y viceversa.\u00a0<strong>Soy una persona como t\u00fa, que puede tener d\u00edas malos, d\u00edas buenos, d\u00edas alegres, d\u00edas tristes<\/strong>. Poseedor de perseverancia y exigencia a mi mismo, enemigo de la mediocridad, enemigo de las cosas hechas por hacer, enemigo de las cosas hechas por cumplir.<\/p>\n\n\n\n<p><\/p>\n\n\n\n<div class=\"wp-block-uagb-advanced-heading uagb-block-a043ac7c\"><h2 class=\"uagb-heading-text\">En mi profesi\u00f3n<\/h2><\/div>\n\n\n\n<div class=\"wp-block-uagb-container uagb-block-8bffd928 alignfull uagb-is-root-container\"><div class=\"uagb-container-inner-blocks-wrap\">\n<div class=\"wp-block-uagb-container uagb-block-5ba11a25\">\n<div class=\"wp-block-uagb-image uagb-block-0f14bb89 wp-block-uagb-image--layout-default wp-block-uagb-image--effect-static wp-block-uagb-image--align-none\"><figure class=\"wp-block-uagb-image__figure\"><img loading=\"lazy\" decoding=\"async\" srcset=\"https:\/\/itilconjoelarellano.com\/wp-content\/uploads\/2025\/01\/IMG-20190409-WA0014-2.jpg ,https:\/\/itilconjoelarellano.com\/wp-content\/uploads\/2025\/01\/IMG-20190409-WA0014-2.jpg 780w, https:\/\/itilconjoelarellano.com\/wp-content\/uploads\/2025\/01\/IMG-20190409-WA0014-2.jpg 360w\" sizes=\"auto, (max-width: 480px) 150px\" src=\"https:\/\/itilconjoelarellano.com\/wp-content\/uploads\/2025\/01\/IMG-20190409-WA0014-2.jpg\" alt=\"\u00bfQui\u00e9n es Joel Arellano?\" class=\"uag-image-228\" width=\"775\" height=\"514\" title=\"IMG-20190409-WA0014 (2)\" role=\"img\"\/><\/figure><\/div>\n<\/div>\n\n\n\n<div class=\"wp-block-uagb-container uagb-block-de8483b5\">\n<p class=\"has-ast-global-color-8-color has-text-color has-link-color wp-elements-51965bf176099f79fbc4fd44408abb83\"><strong>\u00bfQui\u00e9n es Joel?<\/strong> Un profesional en constante evoluci\u00f3n, Ingeniero titulado en Inform\u00e1tica y Sistemas con <strong>m\u00e1s de 9 a\u00f1os<\/strong> de experiencia comprobada trabajando <strong>en el desafiante<\/strong> <strong>mundo de la gesti\u00f3n de servicios, implementaci\u00f3n y mejora continua de Mesas de Ayuda para m\u00e1s de 41 empresas<\/strong> <strong>a nivel nacional como internacional<\/strong>. Estudioso de las buenas practicas de ITIL y otros marcos de gesti\u00f3n para dar soluciones consistentes a las problem\u00e1ticas y necesidades del mercado, centrado en el usuario y en la entrega de valor real, aquel valor que va m\u00e1s all\u00e1 de un libro, aquel valor que pasa de la teor\u00eda a la pr\u00e1ctica.<\/p>\n<\/div>\n<\/div><\/div>\n\n\n\n<p><\/p>\n\n\n\n<div class=\"wp-block-uagb-container uagb-block-c395c12b alignfull uagb-is-root-container\"><div class=\"uagb-container-inner-blocks-wrap\">\n<div class=\"wp-block-uagb-counter uagb-block-8ab04c6c wp-block-uagb-counter--number\"><div class=\"wp-block-uagb-counter__number\"><span class=\"uagb-counter-block-prefix\">+<\/span><span class=\"uagb-counter-block-number\" data-duration=\"4\" data-to-value=\"17\" data-from-value=\"0\" data-delimiter=\",\"><\/span><\/div><div class=\"wp-block-uagb-counter__title\">assessment\u00a0de NIVEL DE madurez de procesos ITIL<\/div><\/div>\n\n\n\n<div class=\"wp-block-uagb-counter uagb-block-c02ef1a8 wp-block-uagb-counter--number\"><div class=\"wp-block-uagb-counter__number\"><span class=\"uagb-counter-block-prefix\">+<\/span><span class=\"uagb-counter-block-number\" data-duration=\"4\" data-to-value=\"41\" data-from-value=\"0\" data-delimiter=\",\"><\/span><\/div><div class=\"wp-block-uagb-counter__title\">CLIENTES DONDE Implement\u00c9 <br>Procesos ITIL<\/div><\/div>\n\n\n\n<div class=\"wp-block-uagb-counter uagb-block-27130aca wp-block-uagb-counter--number\"><div class=\"wp-block-uagb-counter__number\"><span class=\"uagb-counter-block-prefix\">+<\/span><span class=\"uagb-counter-block-number\" data-duration=\"3\" data-to-value=\"17000\" data-from-value=\"0\" data-delimiter=\",\"><\/span><\/div><div class=\"wp-block-uagb-counter__title\">horas de<br>CONSULTORIA<\/div><\/div>\n\n\n\n<div class=\"wp-block-uagb-counter uagb-block-9e919748 wp-block-uagb-counter--number\"><div class=\"wp-block-uagb-counter__number\"><span class=\"uagb-counter-block-number\" data-duration=\"3\" data-to-value=\"100\" data-from-value=\"0\" data-delimiter=\",\"><\/span><span class=\"uagb-counter-block-suffix\">%<\/span><\/div><div class=\"wp-block-uagb-counter__title\">ImplementaciONES <br>ExitosaS <\/div><\/div>\n<\/div><\/div>\n\n\n\n<div class=\"wp-block-uagb-advanced-heading uagb-block-51c5c814\"><h2 class=\"uagb-heading-text\">En la docencia<\/h2><\/div>\n\n\n\n<p><\/p>\n\n\n\n<p class=\"has-ast-global-color-1-color has-text-color has-link-color wp-elements-8808a7d5bea44b1d441ab03934e61933\"><strong>Transformando el conocimiento en resultados<\/strong><\/p>\n\n\n\n<p>\u00bfQui\u00e9n es Joel? Un profesional comprometido con la transformaci\u00f3n del conocimiento en resultados tangibles.<\/p>\n\n\n\n<p>Con m\u00e1s de <strong>7 a\u00f1os de experiencia como docente y conferencista independiente<\/strong>, he capacitado a m\u00e1s de <strong>2,700 profesionales<\/strong> en <strong>Gesti\u00f3n de Servicios alineados a las buenas pr\u00e1cticas de ITIL, Gesti\u00f3n de Proyectos PMI, Scrum y Transformaci\u00f3n Digital<\/strong>, tanto <strong>a nivel nacional como internacional<\/strong>. He dictado clases y conferencias en <strong>universidades, institutos, centros de labores y de forma remota<\/strong>. He extendido mi ense\u00f1anza a trav\u00e9s de <strong>plataformas digitales<\/strong> como <strong><a href=\"https:\/\/www.youtube.com\/@JoelArellanoTech\" target=\"_blank\" rel=\"noopener\">YouTube <\/a><\/strong>y <strong><a href=\"https:\/\/www.udemy.com\/course\/itil-4-foundation-examen-simuladores\/?referralCode=776054AFF31E228A891D\" target=\"_blank\" rel=\"noopener\">Udemy<\/a><\/strong>, llegando a estudiantes de <strong>Per\u00fa, Latinoam\u00e9rica y Europa<\/strong>, adaptando mis enfoques a diversas culturas y sectores.<\/p>\n\n\n\n<p><strong>Mi objetivo es<\/strong> siempre <strong>ir m\u00e1s all\u00e1 de la teor\u00eda<\/strong>, ofreciendo a los estudiantes herramientas pr\u00e1cticas que puedan aplicar directamente en sus proyectos y organizaciones. A lo largo de mi carrera, <strong>he ayudado <\/strong>a mis alumnos <strong>a mejorar sus habilidades y generar un impacto real<\/strong>, <strong>la satisfacci\u00f3n y el crecimiento profesional de mis alumnos <\/strong>son siempre el mejor reflejo del valor que busco aportar con cada clase y conferencia.<\/p>\n\n\n\n<p>M<strong>i enfoque est\u00e1 particularmente focalizado en ITIL<\/strong>, ofreciendo cursos personalizados y simuladores dise\u00f1ados <strong>para garantizar<\/strong> que los estudiantes puedan obtener su <strong>certificaci\u00f3n en el primer intento<\/strong>. Pr\u00f3ximamente estar\u00e9 creando <strong>cursos especializados de formaci\u00f3n<\/strong> para poner en practica toda la teor\u00eda de ITIL y <strong>formar profesionales capaces<\/strong> de implementar buenas practicas a nivel de procesos, auditorias y mejora continua.<\/p>\n\n\n\n<p><\/p>\n\n\n\n<div class=\"wp-block-uagb-container uagb-block-28244380 alignfull uagb-is-root-container\"><div class=\"uagb-container-inner-blocks-wrap\">\n<div class=\"wp-block-uagb-counter uagb-block-42637544 wp-block-uagb-counter--number\"><div class=\"wp-block-uagb-counter__number\"><span class=\"uagb-counter-block-prefix\">+<\/span><span class=\"uagb-counter-block-number\" data-duration=\"3\" data-to-value=\"4000\" data-from-value=\"0\" data-delimiter=\",\"><\/span><\/div><div class=\"wp-block-uagb-counter__title\">alumnos alrededor del mundo<\/div><\/div>\n\n\n\n<div class=\"wp-block-uagb-counter uagb-block-1653c97b wp-block-uagb-counter--number\"><div class=\"wp-block-uagb-counter__number\"><span class=\"uagb-counter-block-prefix\">+<\/span><span class=\"uagb-counter-block-number\" data-duration=\"3\" data-to-value=\"5700\" data-from-value=\"0\" data-delimiter=\",\"><\/span><\/div><div class=\"wp-block-uagb-counter__title\">horas de dictado<\/div><\/div>\n\n\n\n<div class=\"wp-block-uagb-counter uagb-block-c32d27a6 wp-block-uagb-counter--number\"><div class=\"wp-block-uagb-counter__number\"><span class=\"uagb-counter-block-number\" data-duration=\"3\" data-to-value=\"95\" data-from-value=\"0\" data-delimiter=\",\"><\/span><span class=\"uagb-counter-block-suffix\">%<\/span><\/div><div class=\"wp-block-uagb-counter__title\">de alumnos certiFIcados<\/div><\/div>\n<\/div><\/div>\n\n\n\n<p>Finalmente, la respuesta a la pregunta: \u00bfQui\u00e9n es Joel? se encuentra en las vidas que he tocado a lo largo de mi carrera.<\/p>\n\n\n\n<p><\/p>\n\n\n\n<p><\/p>\n\n\n\n<div class=\"wp-block-uagb-advanced-heading uagb-block-5fad03b9\"><h1 class=\"uagb-heading-text\">Mis certificaciones<\/h1><\/div>\n\n\n\n<p><\/p>\n\n\n\n<p>A lo largo de los a\u00f1os, he sido participe de una gran variedad de proyectos, lo que me ha permitido expandir mis conocimientos y fortalecer mi experiencia profesional. Cada una de estas oportunidades ha sido una lecci\u00f3n valiosa que ha contribuido significativamente a mi desarrollo, brind\u00e1ndome una visi\u00f3n m\u00e1s hol\u00edstica y realista sobre el mundo laboral.<\/p>\n\n\n\n<p>En paralelo, he logrado obtener varias certificaciones de prestigio internacional, las cuales reflejan mi compromiso por la mejora continua, sino tambi\u00e9n mi capacidad para enfrentar desaf\u00edos cada vez m\u00e1s complejos. Estas acreditaciones, sumadas a mis experiencias, respaldan mi habilidad para generar un impacto positivo y aportar valor real en cualquier proyecto que enfrente.<\/p>\n\n\n\n<p class=\"has-ast-global-color-1-color has-text-color has-link-color wp-elements-e30f4931b98b0aee156d039702e2ed97\"><strong>Gesti\u00f3n de Servicios<\/strong><\/p>\n\n\n\n<ul class=\"wp-block-list\">\n<li>ITIL<sup>\u00ae<\/sup>4\n<ul class=\"wp-block-list\">\n<li>ITIL<sup>\u00ae<\/sup>4&nbsp;Foundation on IT Service Management<\/li>\n<\/ul>\n<\/li>\n\n\n\n<li>ITIL<sup>\u00ae<\/sup>&nbsp;EXPERT\n<ul class=\"wp-block-list\">\n<li>ITIL<sup>\u00ae<\/sup>&nbsp;Foundation on IT Service Management<\/li>\n\n\n\n<li>ITIL<sup>\u00ae<\/sup>&nbsp;Service Strategy Certificate<\/li>\n\n\n\n<li>ITIL<sup>\u00ae<\/sup>&nbsp;Service Design Certificate<\/li>\n\n\n\n<li>ITIL<sup>\u00ae<\/sup>&nbsp;Service Transition Certificate<\/li>\n\n\n\n<li>ITIL<sup>\u00ae<\/sup>&nbsp;Service Operation Certificate<\/li>\n\n\n\n<li>ITIL<sup>\u00ae<\/sup>&nbsp;Continual Service Improvement<\/li>\n\n\n\n<li>ITIL<sup>\u00ae<\/sup>&nbsp;Managing Across The LifeCycle Certificate<\/li>\n<\/ul>\n<\/li>\n<\/ul>\n\n\n\n<p class=\"has-ast-global-color-1-color has-text-color has-link-color wp-elements-81ec3a1466d52fc98f7866b4d7fde026\"><strong>Gesti\u00f3n de Procesos de Negocio<\/strong><\/p>\n\n\n\n<ul class=\"wp-block-list\">\n<li>Certified Business Process Management Professional (ISO19510)<\/li>\n<\/ul>\n\n\n\n<p class=\"has-ast-global-color-1-color has-text-color has-link-color wp-elements-1e30dfbd378559c89da453864582b52e\"><strong>Gesti\u00f3n de Proyectos<\/strong> <strong>\u00c1giles<\/strong><\/p>\n\n\n\n<ul class=\"wp-block-list\">\n<li>SFPC<sup>\u00ae<\/sup> Scrum Foundation Professional Certificate <\/li>\n\n\n\n<li>SMPC<sup>\u00ae<\/sup> Scrum Master Professional Certificate<\/li>\n\n\n\n<li>SPOPC<sup>\u00ae<\/sup> Scrum Product Owner Professional Certificate<\/li>\n<\/ul>\n\n\n\n<p class=\"has-ast-global-color-1-color has-text-color has-link-color wp-elements-d90c9023d5c8e2ad862de5787d4b4a18\"><strong>Innovaci\u00f3n<\/strong><\/p>\n\n\n\n<ul class=\"wp-block-list\">\n<li>DTPC\u00ae Design Thinking Professional Certificate<\/li>\n<\/ul>\n\n\n\n<p class=\"has-text-align-center\"><strong>Y as\u00ed, la historia de \u00bfQui\u00e9n es Joel? contin\u00faa, siempre buscando nuevas formas de innovar y contribuir al crecimiento de los dem\u00e1s.<\/strong><\/p>\n\n\n\n<div class=\"wp-block-uagb-image uagb-block-4cf75c92 wp-block-uagb-image--layout-default wp-block-uagb-image--effect-static wp-block-uagb-image--align-none\"><figure class=\"wp-block-uagb-image__figure\"><img loading=\"lazy\" decoding=\"async\" srcset=\"https:\/\/itilconjoelarellano.com\/wp-content\/uploads\/2025\/01\/20181130_215957-2-1024x474.jpg ,https:\/\/itilconjoelarellano.com\/wp-content\/uploads\/2025\/01\/20181130_215957-2-scaled.jpg 780w, https:\/\/itilconjoelarellano.com\/wp-content\/uploads\/2025\/01\/20181130_215957-2-scaled.jpg 360w\" sizes=\"auto, (max-width: 480px) 150px\" src=\"https:\/\/itilconjoelarellano.com\/wp-content\/uploads\/2025\/01\/20181130_215957-2-1024x474.jpg\" alt=\"\u00bfQui\u00e9n es Joel Arellano?\" class=\"uag-image-251\" width=\"4461\" height=\"1958\" title=\"20181130_215957 (2)\" role=\"img\"\/><\/figure><\/div>\n\n\n\n<p><\/p>\n\n\n\n<div class=\"wp-block-uagb-advanced-heading uagb-block-e4bd6f8a\"><h1 class=\"uagb-heading-text\">Mis otras redes sociales<\/h1><\/div>","protected":false},"excerpt":{"rendered":"<p>\u00bfQui\u00e9n es Joel? \u00bfQui\u00e9n es Joel? Un apasionado por generar cambios positivos en su entorno a trav\u00e9s del conocimiento y [&hellip;]<\/p>\n","protected":false},"author":1,"featured_media":0,"parent":0,"menu_order":0,"comment_status":"closed","ping_status":"closed","template":"","meta":{"_uag_custom_page_level_css":"","site-sidebar-layout":"default","site-content-layout":"","ast-site-content-layout":"","site-content-style":"default","site-sidebar-style":"default","ast-global-header-display":"","ast-banner-title-visibility":"","ast-main-header-display":"","ast-hfb-above-header-display":"","ast-hfb-below-header-display":"","ast-hfb-mobile-header-display":"","site-post-title":"disabled","ast-breadcrumbs-content":"","ast-featured-img":"","footer-sml-layout":"","ast-disable-related-posts":"","theme-transparent-header-meta":"","adv-header-id-meta":"","stick-header-meta":"","header-above-stick-meta":"","header-main-stick-meta":"","header-below-stick-meta":"","astra-migrate-meta-layouts":"default","ast-page-background-enabled":"default","ast-page-background-meta":{"desktop":{"background-color":"var(--ast-global-color-5)","background-image":"","background-repeat":"repeat","background-position":"center center","background-size":"auto","background-attachment":"scroll","background-type":"","background-media":"","overlay-type":"","overlay-color":"","overlay-opacity":"","overlay-gradient":""},"tablet":{"background-color":"","background-image":"","background-repeat":"repeat","background-position":"center center","background-size":"auto","background-attachment":"scroll","background-type":"","background-media":"","overlay-type":"","overlay-color":"","overlay-opacity":"","overlay-gradient":""},"mobile":{"background-color":"","background-image":"","background-repeat":"repeat","background-position":"center center","background-size":"auto","background-attachment":"scroll","background-type":"","background-media":"","overlay-type":"","overlay-color":"","overlay-opacity":"","overlay-gradient":""}},"ast-content-background-meta":{"desktop":{"background-color":"var(--ast-global-color-4)","background-image":"","background-repeat":"repeat","background-position":"center center","background-size":"auto","background-attachment":"scroll","background-type":"","background-media":"","overlay-type":"","overlay-color":"","overlay-opacity":"","overlay-gradient":""},"tablet":{"background-color":"var(--ast-global-color-4)","background-image":"","background-repeat":"repeat","background-position":"center center","background-size":"auto","background-attachment":"scroll","background-type":"","background-media":"","overlay-type":"","overlay-color":"","overlay-opacity":"","overlay-gradient":""},"mobile":{"background-color":"var(--ast-global-color-4)","background-image":"","background-repeat":"repeat","background-position":"center center","background-size":"auto","background-attachment":"scroll","background-type":"","background-media":"","overlay-type":"","overlay-color":"","overlay-opacity":"","overlay-gradient":""}},"footnotes":""},"class_list":["post-45","page","type-page","status-publish","hentry"],"uagb_featured_image_src":{"full":false,"thumbnail":false,"medium":false,"medium_large":false,"large":false,"1536x1536":false,"2048x2048":false,"trp-custom-language-flag":false,"woocommerce_thumbnail":false,"woocommerce_single":false,"woocommerce_gallery_thumbnail":false},"uagb_author_info":{"display_name":"j.arellanopuentenegocios@gmail.com","author_link":"https:\/\/itilconjoelarellano.com\/en\/author\/j-arellanopuentenegociosgmail-com\/"},"uagb_comment_info":0,"uagb_excerpt":"\u00bfQui\u00e9n es Joel? \u00bfQui\u00e9n es Joel? Un apasionado por generar cambios positivos en su entorno a trav\u00e9s del conocimiento y [&hellip;]","_links":{"self":[{"href":"https:\/\/itilconjoelarellano.com\/en\/wp-json\/wp\/v2\/pages\/45","targetHints":{"allow":["GET"]}}],"collection":[{"href":"https:\/\/itilconjoelarellano.com\/en\/wp-json\/wp\/v2\/pages"}],"about":[{"href":"https:\/\/itilconjoelarellano.com\/en\/wp-json\/wp\/v2\/types\/page"}],"author":[{"embeddable":true,"href":"https:\/\/itilconjoelarellano.com\/en\/wp-json\/wp\/v2\/users\/1"}],"replies":[{"embeddable":true,"href":"https:\/\/itilconjoelarellano.com\/en\/wp-json\/wp\/v2\/comments?post=45"}],"version-history":[{"count":39,"href":"https:\/\/itilconjoelarellano.com\/en\/wp-json\/wp\/v2\/pages\/45\/revisions"}],"predecessor-version":[{"id":712,"href":"https:\/\/itilconjoelarellano.com\/en\/wp-json\/wp\/v2\/pages\/45\/revisions\/712"}],"wp:attachment":[{"href":"https:\/\/itilconjoelarellano.com\/en\/wp-json\/wp\/v2\/media?parent=45"}],"curies":[{"name":"wp","href":"https:\/\/api.w.org\/{rel}","templated":true}]}}